{"id":79,"date":"2017-04-28T15:26:47","date_gmt":"2017-04-28T13:26:47","guid":{"rendered":"http:\/\/creolebeach.com\/hotel-guadeloupe-gosier\/blog\/?page_id=79"},"modified":"2024-03-01T16:56:53","modified_gmt":"2024-03-01T15:56:53","slug":"accueil","status":"publish","type":"page","link":"https:\/\/jardinmalanga.com\/blog\/","title":{"rendered":"Home"},"content":{"rendered":"<p><\/p>\n<p style=\"text-align: center;\"><span style=\"font-size: 18pt;\">CONSEILS ET BONNES ID\u00c9ES <strong>POUR SUBLIMER VOTRE VOYAGE !<\/strong><\/span><\/p>\n<div class=\"home-article\">\n<div class=\"home-article-droite\">\n<div class=\"home-brique-paradis hover11\">\n<h2><a href=\"category\/paradis-bleus\/\">PARADIS <strong>BLEU<\/strong><\/a><\/h2>\n<p><a href=\"category\/paradis-bleus\/\"><img decoding=\"async\" src=\"wp-content\/uploads\/2017\/04\/paradis-bleus.jpg\" \/><\/a><\/p>\n<\/div>\n<div class=\"home-brique-creole hover11\">\n<h2><a href=\"category\/gourmandise-creole\/\">GOURMANDISE <strong>CR\u00c9OLE<\/strong><\/a><\/h2>\n<p><a href=\"category\/gourmandise-creole\/\"><img decoding=\"async\" src=\"wp-content\/uploads\/2017\/05\/gourmandise.jpg\" \/><\/a><\/p>\n<\/div>\n<div class=\"home-brique-life hover11\">\n<h2><a href=\"category\/life-style\/\">LIFE <strong>STYLE<\/strong><\/a><\/h2>\n<p><a href=\"category\/life-style\/\"><img decoding=\"async\" src=\"wp-content\/uploads\/2017\/05\/life-style.jpg\" \/><\/a><\/p>\n<\/div>\n<div style=\"clear: both;\"><\/div>\n<\/div>\n<div class=\"home-article-gauche\">\n<div class=\"home-brique-immersion hover11\">\n<h2><a href=\"category\/immersion-tropicale\/\">IMMERSION <strong>TROPICALE<\/strong><\/a><\/h2>\n<p><a href=\"category\/immersion-tropicale\/\"><img decoding=\"async\" src=\"wp-content\/uploads\/2017\/05\/immersion-tropicale4.jpg\" \/><\/a><\/p>\n<\/div>\n<\/div>\n<div style=\"clear: both;\"><\/div>\n<div class=\"home-article-bas\">\n<div class=\"home-brique-archipel hover11\">\n<h2><a href=\"category\/echapees-dans-larchipel\/\">\u00c9CHAPP\u00c9ES <strong>DANS L&rsquo;ARCHIPEL<\/strong><\/a><\/h2>\n<p><a href=\"category\/echapees-dans-larchipel\/\"><img decoding=\"async\" src=\"wp-content\/uploads\/2017\/05\/archipel.jpg\" \/><\/a><\/p>\n<div style=\"clear: both;\"><\/div>\n<\/div>\n<div class=\"home-brique-family hover11\">\n<h2><a href=\"category\/family-trip\">FAMILY <strong>TRIP<\/strong><\/a><\/h2>\n<p><a href=\"category\/family-trip\"><img decoding=\"async\" src=\"wp-content\/uploads\/2017\/05\/family-trip4.jpg\" \/><\/a><\/p>\n<\/div>\n<div style=\"clear: both;\"><\/div>\n<\/div>\n<div style=\"clear: both;\"><\/div>\n<\/div>\n<div class=\"coup-de-coeur\" style=\"clear: both;\">\n<p style=\"text-align: center;\"><span style=\"font-size: 18pt;\">COUP DE C\u0152UR <strong>DES \u00ceLES<\/strong><\/span><\/p>\n<div class=\"dernier-articles\">\n<p>        <div data-options='{&quot;id&quot;:&quot;203&quot;,&quot;lazy_load&quot;:&quot;no&quot;,&quot;masonry_enable&quot;:&quot;no&quot;,&quot;view_type&quot;:&quot;grid&quot;}' id=\"post-grid-203\" class=\"post-grid grid\">\n                <div class=\"grid-items\">\n            <div class=\"item item-1348 skin flat even 0 \">\n                <div class=\"layer-wrapper layout-1360\">\n                <a class=\" element_1759750331263\" id=\"\" href=\"https:\/\/jardinmalanga.com\/blog\/aquarando-en-basse-terre-les-meilleurs-spots\/\">\n\n\n        <div class=\" element_1759749924990\" id=\"\">\n        <div class=\"element element_1759750181943  thumb_link \">\n                    <img decoding=\"async\" alt=\"\"\n src=\"https:\/\/jardinmalanga.com\/blog\/wp-content\/uploads\/2025\/10\/aquarando-en-basse-terre-les-meilleurs-spots-001.jpg\">\n        \n\n    <\/div>\n    <div class=\"element element_1759750042542  post_date \">\n                    lundi  6 octobre 2025        \n    <\/div>\n    <div class=\"element element_1759750260912  categories \">\n        <a target=\"_blank\" href=\"https:\/\/jardinmalanga.com\/blog\/category\/immersion-tropicale\/\">Immersion tropicale<\/a>    <\/div>\n    <div class=\"element element_1759750032376  title_link \">\n                    <a target=\"_parent\" href=\"https:\/\/jardinmalanga.com\/blog\/aquarando-en-basse-terre-les-meilleurs-spots\/\">Aquarando en Basse-Terre : les meilleurs spots<\/a>\n            <\/div>\n    <div class=\"element element_1759750776605  excerpt \">\n        L\u2019aquarando, contraction d\u2019\u00ab aqua \u00bb et de \u00ab randonn\u00e9e \u00bb, est une activit\u00e9 de plein air qui combine la marche en milieu aquatique avec des \u00e9l\u00e9ments ludiques : toboggans naturels, sauts et des baignades. En Basse-Terre, r\u00e9gion montagneuse de la Guadeloupe, cette pratique offre une immersion unique au c\u0153ur de            <\/div>\n    <\/div>\n    <\/a>\n        <\/div>\n    <\/div>        <\/div>\n            <style type=\"text\/css\">\n            .layout-1360 .element_1759749924990 {\n                            }\n\n                    <\/style>\n        <style type=\"text\/css\">\n        .layout-1360 .element_1759750181943 {\n            overflow: hidden;\n                    }\n\n        .layout-1360 .element_1759750181943 img {\n            max-width: 100%;\n            height: auto;\n        }\n\n        @media only screen and (min-width: 1024px) {\n            .layout-1360 .element_1759750181943 {\n                            }\n        }\n\n        @media only screen and (min-width: 768px) and (max-width: 1023px) {\n            .layout-1360 .element_1759750181943 {\n                            }\n        }\n\n        @media only screen and (min-width: 0px) and (max-width: 767px) {\n            .layout-1360 .element_1759750181943 {\n                            }\n        }\n    <\/style>\n    <style type=\"text\/css\">\n        .layout-1360 .element_1759750042542 {\n            text-align: left;\n            color:#81818e;        }\n\n        .layout-1360 .element_1759750042542 a {\n                    }\n    <\/style>\n    <style type=\"text\/css\">\n        .layout-1360 .element_1759750260912 {\n            color: #ca5520;\n            text-align: left;\n                    }\n\n        .layout-1360 .element_1759750260912 a {\n            color: #ca5520;\n                    }\n\n        .layout-1360 .element_1759750260912:hover {\n            color:#333333;        }\n\n            <\/style>\n    <style type=\"text\/css\">\n        .layout-1360 .element_1759750032376 {\n            text-align: left;\n            text-transform: uppercase;\r\ntext-align: justify;        }\n\n        .layout-1360 .element_1759750032376 a {\n                    }\n    <\/style>\n    <style type=\"text\/css\">\n        .layout-1360 .element_1759750776605 {\n            color: #81818e;\n            text-align: left;\n            text-align: justify;        }\n\n        .layout-1360 .element_1759750776605 a {\n            color: #81818e;\n                    }\n    <\/style>\n\n\n            <style type=\"text\/css\">\n            \/*Write your CSS code here*\/        <\/style>\n    \n\n        <script>\n                    \/*Write your js code here*\/                    <\/script>\n        <style type=\"text\/css\">\n        #post-grid-203 {\n            padding: 10px;\n            background-color: #ededed;\n                    }\n\n        #post-grid-203 .item {\n            padding: 0px;\n            background: #ededed;\n                    }\n\n        #post-grid-203 .item .layer-media {\n            height:auto;        }\n\n        @media only screen and (min-width: 0px) and (max-width: 767px) {\n            #post-grid-203 .grid-items {\n                text-align: center;\n                            }\n\n            #post-grid-203 .item {\n                width: 90%;\n                margin: 10px;\n                display: inline-block;\n                vertical-align: top;\n                height:auto;            }\n        }\n\n        @media only screen and (min-width: 768px) and (max-width: 1023px) {\n            #post-grid-203 .grid-items {\n                text-align: center;\n                            }\n\n            #post-grid-203 .item {\n                width: 280px;\n                margin: 10px;\n                display: inline-block;\n                vertical-align: top;\n                max-height:auto;            }\n        }\n\n        @media only screen and (min-width: 1024px) {\n            #post-grid-203 .grid-items {\n                text-align: center;\n                            }\n\n            #post-grid-203 .item {\n                width: 280px;\n                display: inline-block;\n                margin: 10px;\n                vertical-align: top;\n                height:auto;            }\n        }\n\n            <\/style>\n    <\/div>\n         <div data-options='{&quot;id&quot;:&quot;263&quot;,&quot;lazy_load&quot;:&quot;no&quot;,&quot;masonry_enable&quot;:&quot;no&quot;,&quot;view_type&quot;:&quot;grid&quot;}' id=\"post-grid-263\" class=\"post-grid grid\">\n                <div class=\"grid-items\">\n            <div class=\"item item-1305 skin flat even 0 \">\n                <div class=\"layer-wrapper layout-1360\">\n                <a class=\" element_1759750331263\" id=\"\" href=\"https:\/\/jardinmalanga.com\/blog\/3-itineraires-de-randonnee-incontournables-a-la-decouverte-des-paysages-epoustouflants-de-basse-terre\/\">\n\n\n        <div class=\" element_1759749924990\" id=\"\">\n        <div class=\"element element_1759750181943  thumb_link \">\n                    <img decoding=\"async\" alt=\"Randonn\u00e9es Guadeloupe\"\n src=\"https:\/\/jardinmalanga.com\/blog\/wp-content\/uploads\/2024\/04\/randonnees.jpg\">\n        \n\n    <\/div>\n    <div class=\"element element_1759750042542  post_date \">\n                    mardi 30 juillet 2024        \n    <\/div>\n    <div class=\"element element_1759750260912  categories \">\n        <a target=\"_blank\" href=\"https:\/\/jardinmalanga.com\/blog\/category\/echapees-dans-larchipel\/\">Echap\u00e9es dans l&#039;archipel<\/a> - <a target=\"_blank\" href=\"https:\/\/jardinmalanga.com\/blog\/category\/immersion-tropicale\/\">Immersion tropicale<\/a>    <\/div>\n    <div class=\"element element_1759750032376  title_link \">\n                    <a target=\"_parent\" href=\"https:\/\/jardinmalanga.com\/blog\/3-itineraires-de-randonnee-incontournables-a-la-decouverte-des-paysages-epoustouflants-de-basse-terre\/\">Les plus belles randonn\u00e9es en Guadeloupe : Basse-Terre<\/a>\n            <\/div>\n    <div class=\"element element_1759750776605  excerpt \">\n        La r\u00e9gion de Basse-Terre, en Guadeloupe, est une v\u00e9ritable invitation \u00e0 l'aventure pour les amateurs de nature et de randonn\u00e9e. Elle regorge de sentiers offrant des paysages spectaculaires : volcans, cascades et for\u00eats tropicales luxuriantes vous attendent. Le Jardin Malanga vous emm\u00e8ne \u00e0 la d\u00e9couverte des meilleurs itin\u00e9raires de randonn\u00e9e            <\/div>\n    <\/div>\n    <\/a>\n        <\/div>\n    <\/div>        <\/div>\n            <style type=\"text\/css\">\n            .layout-1360 .element_1759749924990 {\n                            }\n\n                    <\/style>\n        <style type=\"text\/css\">\n        .layout-1360 .element_1759750181943 {\n            overflow: hidden;\n                    }\n\n        .layout-1360 .element_1759750181943 img {\n            max-width: 100%;\n            height: auto;\n        }\n\n        @media only screen and (min-width: 1024px) {\n            .layout-1360 .element_1759750181943 {\n                            }\n        }\n\n        @media only screen and (min-width: 768px) and (max-width: 1023px) {\n            .layout-1360 .element_1759750181943 {\n                            }\n        }\n\n        @media only screen and (min-width: 0px) and (max-width: 767px) {\n            .layout-1360 .element_1759750181943 {\n                            }\n        }\n    <\/style>\n    <style type=\"text\/css\">\n        .layout-1360 .element_1759750042542 {\n            text-align: left;\n            color:#81818e;        }\n\n        .layout-1360 .element_1759750042542 a {\n                    }\n    <\/style>\n    <style type=\"text\/css\">\n        .layout-1360 .element_1759750260912 {\n            color: #ca5520;\n            text-align: left;\n                    }\n\n        .layout-1360 .element_1759750260912 a {\n            color: #ca5520;\n                    }\n\n        .layout-1360 .element_1759750260912:hover {\n            color:#333333;        }\n\n            <\/style>\n    <style type=\"text\/css\">\n        .layout-1360 .element_1759750032376 {\n            text-align: left;\n            text-transform: uppercase;\r\ntext-align: justify;        }\n\n        .layout-1360 .element_1759750032376 a {\n                    }\n    <\/style>\n    <style type=\"text\/css\">\n        .layout-1360 .element_1759750776605 {\n            color: #81818e;\n            text-align: left;\n            text-align: justify;        }\n\n        .layout-1360 .element_1759750776605 a {\n            color: #81818e;\n                    }\n    <\/style>\n\n\n            <style type=\"text\/css\">\n            \/*Write your CSS code here*\/        <\/style>\n    \n\n        <script>\n                    \/*Write your js code here*\/                    <\/script>\n        <style type=\"text\/css\">\n        #post-grid-263 {\n            padding: 10px;\n            background-color: #ededed;\n                    }\n\n        #post-grid-263 .item {\n            padding: 0px;\n            background: #ededed;\n                    }\n\n        #post-grid-263 .item .layer-media {\n            height:auto;        }\n\n        @media only screen and (min-width: 0px) and (max-width: 767px) {\n            #post-grid-263 .grid-items {\n                text-align: center;\n                            }\n\n            #post-grid-263 .item {\n                width: 90%;\n                margin: 10px;\n                display: inline-block;\n                vertical-align: top;\n                height:auto;            }\n        }\n\n        @media only screen and (min-width: 768px) and (max-width: 1023px) {\n            #post-grid-263 .grid-items {\n                text-align: center;\n                            }\n\n            #post-grid-263 .item {\n                width: 280px;\n                margin: 10px;\n                display: inline-block;\n                vertical-align: top;\n                max-height:auto;            }\n        }\n\n        @media only screen and (min-width: 1024px) {\n            #post-grid-263 .grid-items {\n                text-align: center;\n                            }\n\n            #post-grid-263 .item {\n                width: 280px;\n                display: inline-block;\n                margin: 10px;\n                vertical-align: top;\n                height:auto;            }\n        }\n\n            <\/style>\n    <\/div>\n         <div data-options='{&quot;id&quot;:&quot;259&quot;,&quot;lazy_load&quot;:&quot;no&quot;,&quot;masonry_enable&quot;:&quot;no&quot;,&quot;view_type&quot;:&quot;grid&quot;}' id=\"post-grid-259\" class=\"post-grid grid\">\n                <div class=\"grid-items\">\n            <div class=\"item item-1302 skin flat even 0 \">\n                <div class=\"layer-wrapper layout-1360\">\n                <a class=\" element_1759750331263\" id=\"\" href=\"https:\/\/jardinmalanga.com\/blog\/exploration-de-la-vie-marine-le-monde-du-silence-les-meilleurs-spots-de-plongee-en-guadeloupe\/\">\n\n\n        <div class=\" element_1759749924990\" id=\"\">\n        <div class=\"element element_1759750181943  thumb_link \">\n                    <img decoding=\"async\" alt=\"R\u00e9serve Cousteau\"\n src=\"https:\/\/jardinmalanga.com\/blog\/wp-content\/uploads\/2024\/04\/reserve-cousteau.jpg\">\n        \n\n    <\/div>\n    <div class=\"element element_1759750042542  post_date \">\n                    lundi 24 juin 2024        \n    <\/div>\n    <div class=\"element element_1759750260912  categories \">\n        <a target=\"_blank\" href=\"https:\/\/jardinmalanga.com\/blog\/category\/paradis-bleus\/\">Paradis bleus<\/a>    <\/div>\n    <div class=\"element element_1759750032376  title_link \">\n                    <a target=\"_parent\" href=\"https:\/\/jardinmalanga.com\/blog\/exploration-de-la-vie-marine-le-monde-du-silence-les-meilleurs-spots-de-plongee-en-guadeloupe\/\">Exploration de la vie marine\/le monde du silence : les meilleurs spots de plong\u00e9e en Guadeloupe<\/a>\n            <\/div>\n    <div class=\"element element_1759750776605  excerpt \">\n        La Guadeloupe est sans doute l\u2019endroit id\u00e9al pour faire de la plong\u00e9e ou du snorkeling afin de d\u00e9couvrir les richesses des fonds marins. Jardins de coraux, esp\u00e8ces de poissons, \u00e9ponges, algues, tortues, une faune et une flore vari\u00e9es feront plaisir aux amateurs de plong\u00e9e. Vous y trouverez \u00e9galement des \u00e9paves            <\/div>\n    <\/div>\n    <\/a>\n        <\/div>\n    <\/div>        <\/div>\n            <style type=\"text\/css\">\n            .layout-1360 .element_1759749924990 {\n                            }\n\n                    <\/style>\n        <style type=\"text\/css\">\n        .layout-1360 .element_1759750181943 {\n            overflow: hidden;\n                    }\n\n        .layout-1360 .element_1759750181943 img {\n            max-width: 100%;\n            height: auto;\n        }\n\n        @media only screen and (min-width: 1024px) {\n            .layout-1360 .element_1759750181943 {\n                            }\n        }\n\n        @media only screen and (min-width: 768px) and (max-width: 1023px) {\n            .layout-1360 .element_1759750181943 {\n                            }\n        }\n\n        @media only screen and (min-width: 0px) and (max-width: 767px) {\n            .layout-1360 .element_1759750181943 {\n                            }\n        }\n    <\/style>\n    <style type=\"text\/css\">\n        .layout-1360 .element_1759750042542 {\n            text-align: left;\n            color:#81818e;        }\n\n        .layout-1360 .element_1759750042542 a {\n                    }\n    <\/style>\n    <style type=\"text\/css\">\n        .layout-1360 .element_1759750260912 {\n            color: #ca5520;\n            text-align: left;\n                    }\n\n        .layout-1360 .element_1759750260912 a {\n            color: #ca5520;\n                    }\n\n        .layout-1360 .element_1759750260912:hover {\n            color:#333333;        }\n\n            <\/style>\n    <style type=\"text\/css\">\n        .layout-1360 .element_1759750032376 {\n            text-align: left;\n            text-transform: uppercase;\r\ntext-align: justify;        }\n\n        .layout-1360 .element_1759750032376 a {\n                    }\n    <\/style>\n    <style type=\"text\/css\">\n        .layout-1360 .element_1759750776605 {\n            color: #81818e;\n            text-align: left;\n            text-align: justify;        }\n\n        .layout-1360 .element_1759750776605 a {\n            color: #81818e;\n                    }\n    <\/style>\n\n\n            <style type=\"text\/css\">\n            \/*Write your CSS code here*\/        <\/style>\n    \n\n        <script>\n                    \/*Write your js code here*\/                    <\/script>\n        <style type=\"text\/css\">\n        #post-grid-259 {\n            padding: 10px;\n            background-color: #ededed;\n                    }\n\n        #post-grid-259 .item {\n            padding: 0px;\n            background: #ededed;\n                    }\n\n        #post-grid-259 .item .layer-media {\n            height:auto;        }\n\n        @media only screen and (min-width: 0px) and (max-width: 767px) {\n            #post-grid-259 .grid-items {\n                text-align: center;\n                            }\n\n            #post-grid-259 .item {\n                width: 90%;\n                margin: 10px;\n                display: inline-block;\n                vertical-align: top;\n                height:auto;            }\n        }\n\n        @media only screen and (min-width: 768px) and (max-width: 1023px) {\n            #post-grid-259 .grid-items {\n                text-align: center;\n                            }\n\n            #post-grid-259 .item {\n                width: 280px;\n                margin: 10px;\n                display: inline-block;\n                vertical-align: top;\n                max-height:auto;            }\n        }\n\n        @media only screen and (min-width: 1024px) {\n            #post-grid-259 .grid-items {\n                text-align: center;\n                            }\n\n            #post-grid-259 .item {\n                width: 280px;\n                display: inline-block;\n                margin: 10px;\n                vertical-align: top;\n                height:auto;            }\n        }\n\n            <\/style>\n    <\/div>\n<\/p>\n<div style=\"clear: both;\"><\/div>\n<\/div>\n<\/div>\n<p><\/p>","protected":false},"excerpt":{"rendered":"<p>CONSEILS ET BONNES ID\u00c9ES POUR SUBLIMER VOTRE VOYAGE ! PARADIS BLEU GOURMANDISE CR\u00c9OLE LIFE STYLE IMMERSION TROPICALE \u00c9CHAPP\u00c9ES DANS L&rsquo;ARCHIPEL FAMILY TRIP COUP DE C\u0152UR DES \u00ceLES<\/p>\n","protected":false},"author":1,"featured_media":0,"parent":0,"menu_order":0,"comment_status":"closed","ping_status":"closed","template":"","meta":{"pgc_meta":"","footnotes":""},"pgc_meta":"","yoast_head":"<!-- This site is optimized with the Yoast SEO plugin v22.1 - https:\/\/yoast.com\/wordpress\/plugins\/seo\/ -->\n<title>Home - Blog du Jardin Malanga<\/title>\n<meta name=\"robots\" content=\"index, follow, max-snippet:-1, max-image-preview:large, max-video-preview:-1\" \/>\n<link rel=\"canonical\" href=\"https:\/\/jardinmalanga.com\/blog\/\" \/>\n<meta property=\"og:locale\" content=\"fr_FR\" \/>\n<meta property=\"og:type\" content=\"article\" \/>\n<meta property=\"og:title\" content=\"Home - Blog du Jardin Malanga\" \/>\n<meta property=\"og:description\" content=\"CONSEILS ET BONNES ID\u00c9ES POUR SUBLIMER VOTRE VOYAGE ! PARADIS BLEU GOURMANDISE CR\u00c9OLE LIFE STYLE IMMERSION TROPICALE \u00c9CHAPP\u00c9ES DANS L&rsquo;ARCHIPEL FAMILY TRIP COUP DE C\u0152UR DES \u00ceLES\" \/>\n<meta property=\"og:url\" content=\"https:\/\/jardinmalanga.com\/blog\/\" \/>\n<meta property=\"og:site_name\" content=\"Blog du Jardin Malanga\" \/>\n<meta property=\"article:modified_time\" content=\"2024-03-01T15:56:53+00:00\" \/>\n<meta name=\"twitter:card\" content=\"summary_large_image\" \/>\n<meta name=\"twitter:label1\" content=\"Dur\u00e9e de lecture estim\u00e9e\" \/>\n\t<meta name=\"twitter:data1\" content=\"2 minutes\" \/>\n<script type=\"application\/ld+json\" class=\"yoast-schema-graph\">{\"@context\":\"https:\/\/schema.org\",\"@graph\":[{\"@type\":\"WebPage\",\"@id\":\"https:\/\/jardinmalanga.com\/blog\/\",\"url\":\"https:\/\/jardinmalanga.com\/blog\/\",\"name\":\"Home - Blog du Jardin Malanga\",\"isPartOf\":{\"@id\":\"https:\/\/jardinmalanga.com\/blog\/en\/#website\"},\"datePublished\":\"2017-04-28T13:26:47+00:00\",\"dateModified\":\"2024-03-01T15:56:53+00:00\",\"breadcrumb\":{\"@id\":\"https:\/\/jardinmalanga.com\/blog\/#breadcrumb\"},\"inLanguage\":\"fr-FR\",\"potentialAction\":[{\"@type\":\"ReadAction\",\"target\":[\"https:\/\/jardinmalanga.com\/blog\/\"]}]},{\"@type\":\"BreadcrumbList\",\"@id\":\"https:\/\/jardinmalanga.com\/blog\/#breadcrumb\",\"itemListElement\":[{\"@type\":\"ListItem\",\"position\":1,\"name\":\"Accueil\",\"item\":\"https:\/\/jardinmalanga.com\/blog\/\"},{\"@type\":\"ListItem\",\"position\":2,\"name\":\"Home\"}]},{\"@type\":\"WebSite\",\"@id\":\"https:\/\/jardinmalanga.com\/blog\/en\/#website\",\"url\":\"https:\/\/jardinmalanga.com\/blog\/en\/\",\"name\":\"Blog du Jardin Malanga\",\"description\":\"\",\"potentialAction\":[{\"@type\":\"SearchAction\",\"target\":{\"@type\":\"EntryPoint\",\"urlTemplate\":\"https:\/\/jardinmalanga.com\/blog\/en\/?s={search_term_string}\"},\"query-input\":\"required name=search_term_string\"}],\"inLanguage\":\"fr-FR\"}]}<\/script>\n<!-- \/ Yoast SEO plugin. -->","yoast_head_json":{"title":"Home - Blog du Jardin Malanga","robots":{"index":"index","follow":"follow","max-snippet":"max-snippet:-1","max-image-preview":"max-image-preview:large","max-video-preview":"max-video-preview:-1"},"canonical":"https:\/\/jardinmalanga.com\/blog\/","og_locale":"fr_FR","og_type":"article","og_title":"Home - Blog du Jardin Malanga","og_description":"CONSEILS ET BONNES ID\u00c9ES POUR SUBLIMER VOTRE VOYAGE ! PARADIS BLEU GOURMANDISE CR\u00c9OLE LIFE STYLE IMMERSION TROPICALE \u00c9CHAPP\u00c9ES DANS L&rsquo;ARCHIPEL FAMILY TRIP COUP DE C\u0152UR DES \u00ceLES","og_url":"https:\/\/jardinmalanga.com\/blog\/","og_site_name":"Blog du Jardin Malanga","article_modified_time":"2024-03-01T15:56:53+00:00","twitter_card":"summary_large_image","twitter_misc":{"Dur\u00e9e de lecture estim\u00e9e":"2 minutes"},"schema":{"@context":"https:\/\/schema.org","@graph":[{"@type":"WebPage","@id":"https:\/\/jardinmalanga.com\/blog\/","url":"https:\/\/jardinmalanga.com\/blog\/","name":"Home - Blog du Jardin Malanga","isPartOf":{"@id":"https:\/\/jardinmalanga.com\/blog\/en\/#website"},"datePublished":"2017-04-28T13:26:47+00:00","dateModified":"2024-03-01T15:56:53+00:00","breadcrumb":{"@id":"https:\/\/jardinmalanga.com\/blog\/#breadcrumb"},"inLanguage":"fr-FR","potentialAction":[{"@type":"ReadAction","target":["https:\/\/jardinmalanga.com\/blog\/"]}]},{"@type":"BreadcrumbList","@id":"https:\/\/jardinmalanga.com\/blog\/#breadcrumb","itemListElement":[{"@type":"ListItem","position":1,"name":"Accueil","item":"https:\/\/jardinmalanga.com\/blog\/"},{"@type":"ListItem","position":2,"name":"Home"}]},{"@type":"WebSite","@id":"https:\/\/jardinmalanga.com\/blog\/en\/#website","url":"https:\/\/jardinmalanga.com\/blog\/en\/","name":"Blog du Jardin Malanga","description":"","potentialAction":[{"@type":"SearchAction","target":{"@type":"EntryPoint","urlTemplate":"https:\/\/jardinmalanga.com\/blog\/en\/?s={search_term_string}"},"query-input":"required name=search_term_string"}],"inLanguage":"fr-FR"}]}},"_links":{"self":[{"href":"https:\/\/jardinmalanga.com\/blog\/wp-json\/wp\/v2\/pages\/79"}],"collection":[{"href":"https:\/\/jardinmalanga.com\/blog\/wp-json\/wp\/v2\/pages"}],"about":[{"href":"https:\/\/jardinmalanga.com\/blog\/wp-json\/wp\/v2\/types\/page"}],"author":[{"embeddable":true,"href":"https:\/\/jardinmalanga.com\/blog\/wp-json\/wp\/v2\/users\/1"}],"replies":[{"embeddable":true,"href":"https:\/\/jardinmalanga.com\/blog\/wp-json\/wp\/v2\/comments?post=79"}],"version-history":[{"count":145,"href":"https:\/\/jardinmalanga.com\/blog\/wp-json\/wp\/v2\/pages\/79\/revisions"}],"predecessor-version":[{"id":1296,"href":"https:\/\/jardinmalanga.com\/blog\/wp-json\/wp\/v2\/pages\/79\/revisions\/1296"}],"wp:attachment":[{"href":"https:\/\/jardinmalanga.com\/blog\/wp-json\/wp\/v2\/media?parent=79"}],"curies":[{"name":"wp","href":"https:\/\/api.w.org\/{rel}","templated":true}]}}